{"id":13348,"date":"2025-05-06T09:50:08","date_gmt":"2025-05-06T06:50:08","guid":{"rendered":"https:\/\/nordium.eu\/?post_type=product&#038;p=13348"},"modified":"2025-11-20T11:27:27","modified_gmt":"2025-11-20T09:27:27","slug":"kiintea-suihkuseina-kl7-kl9-musta-kirkas","status":"publish","type":"product","link":"https:\/\/nordium.eu\/fi\/tuote\/kiintea-suihkuseina-kl7-kl9-musta-kirkas\/","title":{"rendered":"Kiinte\u00e4 suihkusein\u00e4 \u2013 MUSTAT METALLIOSAT, KIRKAS lasi, KL7-KL9"},"content":{"rendered":"<h1>Kiinte\u00e4 suihkusein\u00e4 KL7-KL9 \u2013 musta lattia- ja sein\u00e4profiili sek\u00e4 sivutuki<\/h1>\n<h3>Kirkas lasi<\/h3>\n<h3>Leveydet 80 cm, 90 cm ja 100 cm<\/h3>\n<p>&nbsp;<\/p>\n<div class=\"flex max-w-full flex-col flex-grow\">\n<div class=\"min-h-8 text-message flex w-full flex-col items-end gap-2 whitespace-normal break-words text-start [.text-message+&amp;]:mt-5\" dir=\"auto\" data-message-author-role=\"assistant\" data-message-id=\"deda8240-0310-4dae-a202-e63e22e3c6f0\" data-message-model-slug=\"gpt-4o\">\n<div class=\"flex w-full flex-col gap-1 empty:hidden first:pt-[3px]\">\n<div class=\"markdown prose w-full break-words dark:prose-invert light\">\n<p>Kiinte\u00e4 suihkusein\u00e4 suojaa suihkun vieress\u00e4 olevaa tilaa ja kalusteita vesiroiskeilta.<\/p>\n<p>Pakkauksessa kirkas turvalasi, musta sein\u00e4- ja lattiaprofiili sek\u00e4 s\u00e4\u00e4dett\u00e4v\u00e4 sivutuki (63-105 cm).<\/p>\n<p>Suihkusein\u00e4n alareunan kiinnitys lattiaan listalla tai lattiatuella (<span style=\"color: #00a859;\">kummatkin sis\u00e4ltyv\u00e4t pakkaukseen<\/span>). Lattiatuella lasia voidaan nostaa lattiasta jopa 3 cm (1\u20132\u20133 cm:n askelin). <\/p>\n<p>&nbsp;<\/p>\n<h2><strong>KIINTE\u00c4 SUIHKUSEIN\u00c4 <span style=\"color: #ed1c24;\">KL7-KL9<\/span><\/strong><\/h2>\n<\/div>\n<\/div>\n<\/div>\n<\/div>\n<table style=\"border-collapse: collapse; width: auto; border: 1px solid blue;\" cellspacing=\"0\" cellpadding=\"5\">\n<tbody>\n<tr>\n<th style=\"padding: 10px; border: 1px solid blue; color: #000000; text-align: center;\"><span style=\"color: #3366ff;\">KIRKAS TURVALASI<\/span><\/th>\n<th style=\"padding: 10px; border: 1px solid blue; color: #000000; text-align: center;\"><span style=\"color: #3366ff;\">MUSTAT METALLIOSAT<\/span><\/th>\n<\/tr>\n<tr>\n<td style=\"padding: 10px; border: 1px solid blue; color: #000000;\">\n<ul>\n<li>Leveydet \u2013 80 \/ 90 \/ 100 cm<\/li>\n<li>Korkeus \u2013 200 cm<\/li>\n<li>Paksuus \u2013 6 mm<\/li>\n<\/ul>\n<\/td>\n<td style=\"padding: 10px; border: 1px solid blue; color: #000000;\">\n<ul>\n<li>Sein\u00e4profiili<\/li>\n<li>Lattiaprofiili ja lattiatuki<\/li>\n<li>S\u00e4\u00e4dett\u00e4v\u00e4 sivutuki 63-105 cm<\/li>\n<\/ul>\n<\/td>\n<\/tr>\n<\/tbody>\n<\/table>\n<h2><\/h2>\n<p>Lue lis\u00e4\u00e4 karkaistun lasin ominaisuuksista <a href=\"https:\/\/fi.wikipedia.org\/wiki\/Karkaistu_lasi\" target=\"_blank\" rel=\"noopener\">T\u00c4ST\u00c4<\/a><\/p>\n","protected":false},"excerpt":{"rendered":"<p><img loading=\"lazy\" decoding=\"async\" class=\"wp-image-5826 alignright\" src=\"https:\/\/nordium.eu\/wp-content\/uploads\/2024\/04\/blue_stocksund_logo-1-removebg-preview-600x276.png\" alt=\"\" width=\"150\" height=\"69\" srcset=\"https:\/\/nordium.eu\/wp-content\/uploads\/2024\/04\/blue_stocksund_logo-1-removebg-preview-600x276.png 600w, https:\/\/nordium.eu\/wp-content\/uploads\/2024\/04\/blue_stocksund_logo-1-removebg-preview-150x69.png 150w, https:\/\/nordium.eu\/wp-content\/uploads\/2024\/04\/blue_stocksund_logo-1-removebg-preview-300x138.png 300w, https:\/\/nordium.eu\/wp-content\/uploads\/2024\/04\/blue_stocksund_logo-1-removebg-preview.png 736w\" sizes=\"auto, (max-width: 150px) 100vw, 150px\" \/><\/p>\n<ul>\n<li>Kirkas lasi, paksuus 6 mm<\/li>\n<li>Leveydet 80, 90, 100 cm<\/li>\n<li>Musta lattia- ja sein\u00e4profiili<\/li>\n<li>Musta s\u00e4\u00e4dett\u00e4v\u00e4 sivutuki 63-105 cm<\/li>\n<\/ul>\n","protected":false},"featured_media":10016,"template":"","meta":{"_acf_changed":false},"product_brand":[921],"product_cat":[265,264],"product_tag":[296,331,686],"class_list":{"0":"post-13348","1":"product","2":"type-product","3":"status-publish","4":"has-post-thumbnail","6":"product_brand-stocksund","7":"product_cat-kiinteat-suihkuseinat","8":"product_cat-suihkuseinat","9":"product_tag-kiintea-suihkuseina","10":"product_tag-stocksund-fi","11":"product_tag-turvalasi","12":"product_shipping_class-suuret","14":"first","15":"instock","16":"taxable","17":"shipping-taxable","18":"purchasable","19":"product-type-variable"},"acf":[],"_links":{"self":[{"href":"https:\/\/nordium.eu\/fi\/wp-json\/wp\/v2\/product\/13348","targetHints":{"allow":["GET"]}}],"collection":[{"href":"https:\/\/nordium.eu\/fi\/wp-json\/wp\/v2\/product"}],"about":[{"href":"https:\/\/nordium.eu\/fi\/wp-json\/wp\/v2\/types\/product"}],"wp:featuredmedia":[{"embeddable":true,"href":"https:\/\/nordium.eu\/fi\/wp-json\/wp\/v2\/media\/10016"}],"wp:attachment":[{"href":"https:\/\/nordium.eu\/fi\/wp-json\/wp\/v2\/media?parent=13348"}],"wp:term":[{"taxonomy":"product_brand","embeddable":true,"href":"https:\/\/nordium.eu\/fi\/wp-json\/wp\/v2\/product_brand?post=13348"},{"taxonomy":"product_cat","embeddable":true,"href":"https:\/\/nordium.eu\/fi\/wp-json\/wp\/v2\/product_cat?post=13348"},{"taxonomy":"product_tag","embeddable":true,"href":"https:\/\/nordium.eu\/fi\/wp-json\/wp\/v2\/product_tag?post=13348"}],"curies":[{"name":"wp","href":"https:\/\/api.w.org\/{rel}","templated":true}]}}